{"id":146,"date":"2023-10-04T09:02:42","date_gmt":"2023-10-04T07:02:42","guid":{"rendered":"https:\/\/crossminding.com\/?page_id=146"},"modified":"2023-10-04T09:19:51","modified_gmt":"2023-10-04T07:19:51","slug":"mentions-legales","status":"publish","type":"page","link":"https:\/\/crossminding.com\/index.php\/mentions-legales\/","title":{"rendered":"Mentions l\u00e9gales"},"content":{"rendered":"\t\t<div data-elementor-type=\"wp-page\" data-elementor-id=\"146\" class=\"elementor elementor-146\" data-elementor-post-type=\"page\">\n\t\t\t\t\t\t\t<div class=\"elementor-element elementor-element-5a041b6 e-flex e-con-boxed e-con e-parent\" data-id=\"5a041b6\" data-element_type=\"container\" data-settings=\"{&quot;content_width&quot;:&quot;boxed&quot;}\" data-core-v316-plus=\"true\">\n\t\t\t\t\t<div class=\"e-con-inner\">\n\t\t\t\t<div class=\"elementor-element elementor-element-3562948 elementor-widget elementor-widget-text-editor\" data-id=\"3562948\" data-element_type=\"widget\" data-widget_type=\"text-editor.default\">\n\t\t\t\t<div class=\"elementor-widget-container\">\n\t\t\t<style>\/*! elementor - v3.18.0 - 04-12-2023 *\/\n.elementor-widget-text-editor.elementor-drop-cap-view-stacked .elementor-drop-cap{background-color:#69727d;color:#fff}.elementor-widget-text-editor.elementor-drop-cap-view-framed .elementor-drop-cap{color:#69727d;border:3px solid;background-color:transparent}.elementor-widget-text-editor:not(.elementor-drop-cap-view-default) .elementor-drop-cap{margin-top:8px}.elementor-widget-text-editor:not(.elementor-drop-cap-view-default) .elementor-drop-cap-letter{width:1em;height:1em}.elementor-widget-text-editor .elementor-drop-cap{float:left;text-align:center;line-height:1;font-size:50px}.elementor-widget-text-editor .elementor-drop-cap-letter{display:inline-block}<\/style>\t\t\t\t<p><!-- wp:heading --><\/p>\n<h3>Informations l\u00e9gale<\/h3>\n<p><!-- \/wp:heading --><!-- wp:paragraph --><\/p>\n<p>Nom de l&#8217;entreprise : CROSSMINDING &#8211; EI HOUBEN WILLY<br>Adresse : BEZIER<br>T\u00e9l\u00e9phone : [Num\u00e9ro de t\u00e9l\u00e9phone]<br>Adresse \u00e9lectronique : houbenwilly@crossminding.com<br>Num\u00e9ro d&#8217;identification de l&#8217;entreprise SIRET\/SIREN : [Num\u00e9ro d&#8217;identification]<br>Repr\u00e9sentant l\u00e9gal : HOUBEN WILLY<\/p>\n<p><!-- \/wp:paragraph --><!-- wp:heading --><\/p>\n<h3>H\u00e9bergement du site<\/h3>\n<p><!-- \/wp:heading --><!-- wp:paragraph --><\/p>\n<p>Nom de l&#8217;h\u00e9bergeur : HOSTINGER INTERNATIONAL LTD<br>Adresse de l&#8217;h\u00e9bergeur : 61 Lordou Vironos Street, 6023 Larnaca, Chypre Cookies<br>Contacter l&#8217;h\u00e9bergeur :&nbsp;&nbsp;<a style=\"font-family: var( --e-global-typography-text-font-family ), Sans-serif; font-size: var( --e-global-typography-text-font-size ); font-style: var( --e-global-typography-text-font-style ); font-weight: var( --e-global-typography-text-font-weight ); letter-spacing: var( --e-global-typography-text-letter-spacing ); text-transform: var( --e-global-typography-text-text-transform ); word-spacing: var( --e-global-typography-text-word-spacing ); text-align: var(--text-align);\" href=\"https:\/\/www.hostinger.fr\/contact\" target=\"_blank\" rel=\"noopener\">Page contact de site<\/a><\/p>\n<p><!-- \/wp:heading --><!-- wp:paragraph --><\/p>\n<h3>Propri\u00e9t\u00e9 intellectuelle<\/h3>\n<p>Le contenu de ce site, incluant, de fa\u00e7on non limitative, les images, textes, vid\u00e9os, et autres m\u00e9dias, est prot\u00e9g\u00e9 par les lois en vigueur sur la propri\u00e9t\u00e9 intellectuelle et appartient \u00e0 CROSSMINDING. <br>Toute reproduction non autoris\u00e9e est interdite.<\/p>\n<h3>&nbsp;Responsabilit\u00e9<\/h3>\n<p>CROSSMINDING ne peut \u00eatre tenu responsable des dommages directs ou indirects r\u00e9sultant de l&#8217;utilisation de ce site web ou d&#8217;autres sites qui lui sont li\u00e9s.<\/p>\n<h3>&nbsp;Donn\u00e9es personnelles<\/h3>\n<p>Consultez notre politique de confidentialit\u00e9 pour comprendre comment nous collectons, utilisons et prot\u00e9geons vos donn\u00e9es personnelles.<\/p>\n<p><!-- \/wp:paragraph --><\/p>\t\t\t\t\t\t<\/div>\n\t\t\t\t<\/div>\n\t\t\t\t\t<\/div>\n\t\t\t\t<\/div>\n\t\t\t\t\t\t\t<\/div>\n\t\t","protected":false},"excerpt":{"rendered":"<p>Informations l\u00e9gale Nom de l&#8217;entreprise : CROSSMINDING &#8211; EI HOUBEN WILLYAdresse : BEZIERT\u00e9l\u00e9phone : [Num\u00e9ro de t\u00e9l\u00e9phone]Adresse \u00e9lectronique : houbenwilly@crossminding.comNum\u00e9ro d&#8217;identification de l&#8217;entreprise SIRET\/SIREN : [Num\u00e9ro d&#8217;identification]Repr\u00e9sentant l\u00e9gal : HOUBEN WILLY H\u00e9bergement du site Nom de l&#8217;h\u00e9bergeur : HOSTINGER INTERNATIONAL LTDAdresse de l&#8217;h\u00e9bergeur : 61 Lordou Vironos Street, 6023 Larnaca, Chypre CookiesContacter l&#8217;h\u00e9bergeur :&nbsp;&nbsp;Page contact [&hellip;]<\/p>\n","protected":false},"author":1,"featured_media":0,"parent":0,"menu_order":0,"comment_status":"closed","ping_status":"closed","template":"","meta":{"footnotes":""},"class_list":["post-146","page","type-page","status-publish","hentry"],"yoast_head":"<!-- This site is optimized with the Yoast SEO plugin v21.3 - https:\/\/yoast.com\/wordpress\/plugins\/seo\/ -->\n<title>Mentions l\u00e9gales - crossminding.com<\/title>\n<meta name=\"robots\" content=\"noindex, follow, max-snippet:-1, max-image-preview:large, max-video-preview:-1\" \/>\n<meta property=\"og:locale\" content=\"en_US\" \/>\n<meta property=\"og:type\" content=\"article\" \/>\n<meta property=\"og:title\" content=\"Mentions l\u00e9gales - crossminding.com\" \/>\n<meta property=\"og:description\" content=\"Informations l\u00e9gale Nom de l&#8217;entreprise : CROSSMINDING &#8211; EI HOUBEN WILLYAdresse : BEZIERT\u00e9l\u00e9phone : [Num\u00e9ro de t\u00e9l\u00e9phone]Adresse \u00e9lectronique : houbenwilly@crossminding.comNum\u00e9ro d&#8217;identification de l&#8217;entreprise SIRET\/SIREN : [Num\u00e9ro d&#8217;identification]Repr\u00e9sentant l\u00e9gal : HOUBEN WILLY H\u00e9bergement du site Nom de l&#8217;h\u00e9bergeur : HOSTINGER INTERNATIONAL LTDAdresse de l&#8217;h\u00e9bergeur : 61 Lordou Vironos Street, 6023 Larnaca, Chypre CookiesContacter l&#8217;h\u00e9bergeur :&nbsp;&nbsp;Page contact [&hellip;]\" \/>\n<meta property=\"og:url\" content=\"https:\/\/crossminding.com\/index.php\/mentions-legales\/\" \/>\n<meta property=\"og:site_name\" content=\"crossminding.com\" \/>\n<meta property=\"article:modified_time\" content=\"2023-10-04T07:19:51+00:00\" \/>\n<meta name=\"twitter:card\" content=\"summary_large_image\" \/>\n<meta name=\"twitter:label1\" content=\"Est. reading time\" \/>\n\t<meta name=\"twitter:data1\" content=\"1 minute\" \/>\n<script type=\"application\/ld+json\" class=\"yoast-schema-graph\">{\"@context\":\"https:\/\/schema.org\",\"@graph\":[{\"@type\":\"WebPage\",\"@id\":\"https:\/\/crossminding.com\/index.php\/mentions-legales\/\",\"url\":\"https:\/\/crossminding.com\/index.php\/mentions-legales\/\",\"name\":\"Mentions l\u00e9gales - crossminding.com\",\"isPartOf\":{\"@id\":\"https:\/\/crossminding.com\/#website\"},\"datePublished\":\"2023-10-04T07:02:42+00:00\",\"dateModified\":\"2023-10-04T07:19:51+00:00\",\"breadcrumb\":{\"@id\":\"https:\/\/crossminding.com\/index.php\/mentions-legales\/#breadcrumb\"},\"inLanguage\":\"en-US\",\"potentialAction\":[{\"@type\":\"ReadAction\",\"target\":[\"https:\/\/crossminding.com\/index.php\/mentions-legales\/\"]}]},{\"@type\":\"BreadcrumbList\",\"@id\":\"https:\/\/crossminding.com\/index.php\/mentions-legales\/#breadcrumb\",\"itemListElement\":[{\"@type\":\"ListItem\",\"position\":1,\"name\":\"Accueil\",\"item\":\"https:\/\/crossminding.com\/\"},{\"@type\":\"ListItem\",\"position\":2,\"name\":\"Mentions l\u00e9gales\"}]},{\"@type\":\"WebSite\",\"@id\":\"https:\/\/crossminding.com\/#website\",\"url\":\"https:\/\/crossminding.com\/\",\"name\":\"crossminding.com\",\"description\":\"\",\"publisher\":{\"@id\":\"https:\/\/crossminding.com\/#organization\"},\"potentialAction\":[{\"@type\":\"SearchAction\",\"target\":{\"@type\":\"EntryPoint\",\"urlTemplate\":\"https:\/\/crossminding.com\/?s={search_term_string}\"},\"query-input\":\"required name=search_term_string\"}],\"inLanguage\":\"en-US\"},{\"@type\":\"Organization\",\"@id\":\"https:\/\/crossminding.com\/#organization\",\"name\":\"crossminding.com\",\"url\":\"https:\/\/crossminding.com\/\",\"logo\":{\"@type\":\"ImageObject\",\"inLanguage\":\"en-US\",\"@id\":\"https:\/\/crossminding.com\/#\/schema\/logo\/image\/\",\"url\":\"https:\/\/crossminding.com\/wp-content\/uploads\/2023\/10\/cropped-3.png\",\"contentUrl\":\"https:\/\/crossminding.com\/wp-content\/uploads\/2023\/10\/cropped-3.png\",\"width\":1365,\"height\":768,\"caption\":\"crossminding.com\"},\"image\":{\"@id\":\"https:\/\/crossminding.com\/#\/schema\/logo\/image\/\"}}]}<\/script>\n<!-- \/ Yoast SEO plugin. -->","yoast_head_json":{"title":"Mentions l\u00e9gales - crossminding.com","robots":{"index":"noindex","follow":"follow","max-snippet":"max-snippet:-1","max-image-preview":"max-image-preview:large","max-video-preview":"max-video-preview:-1"},"og_locale":"en_US","og_type":"article","og_title":"Mentions l\u00e9gales - crossminding.com","og_description":"Informations l\u00e9gale Nom de l&#8217;entreprise : CROSSMINDING &#8211; EI HOUBEN WILLYAdresse : BEZIERT\u00e9l\u00e9phone : [Num\u00e9ro de t\u00e9l\u00e9phone]Adresse \u00e9lectronique : houbenwilly@crossminding.comNum\u00e9ro d&#8217;identification de l&#8217;entreprise SIRET\/SIREN : [Num\u00e9ro d&#8217;identification]Repr\u00e9sentant l\u00e9gal : HOUBEN WILLY H\u00e9bergement du site Nom de l&#8217;h\u00e9bergeur : HOSTINGER INTERNATIONAL LTDAdresse de l&#8217;h\u00e9bergeur : 61 Lordou Vironos Street, 6023 Larnaca, Chypre CookiesContacter l&#8217;h\u00e9bergeur :&nbsp;&nbsp;Page contact [&hellip;]","og_url":"https:\/\/crossminding.com\/index.php\/mentions-legales\/","og_site_name":"crossminding.com","article_modified_time":"2023-10-04T07:19:51+00:00","twitter_card":"summary_large_image","twitter_misc":{"Est. reading time":"1 minute"},"schema":{"@context":"https:\/\/schema.org","@graph":[{"@type":"WebPage","@id":"https:\/\/crossminding.com\/index.php\/mentions-legales\/","url":"https:\/\/crossminding.com\/index.php\/mentions-legales\/","name":"Mentions l\u00e9gales - crossminding.com","isPartOf":{"@id":"https:\/\/crossminding.com\/#website"},"datePublished":"2023-10-04T07:02:42+00:00","dateModified":"2023-10-04T07:19:51+00:00","breadcrumb":{"@id":"https:\/\/crossminding.com\/index.php\/mentions-legales\/#breadcrumb"},"inLanguage":"en-US","potentialAction":[{"@type":"ReadAction","target":["https:\/\/crossminding.com\/index.php\/mentions-legales\/"]}]},{"@type":"BreadcrumbList","@id":"https:\/\/crossminding.com\/index.php\/mentions-legales\/#breadcrumb","itemListElement":[{"@type":"ListItem","position":1,"name":"Accueil","item":"https:\/\/crossminding.com\/"},{"@type":"ListItem","position":2,"name":"Mentions l\u00e9gales"}]},{"@type":"WebSite","@id":"https:\/\/crossminding.com\/#website","url":"https:\/\/crossminding.com\/","name":"crossminding.com","description":"","publisher":{"@id":"https:\/\/crossminding.com\/#organization"},"potentialAction":[{"@type":"SearchAction","target":{"@type":"EntryPoint","urlTemplate":"https:\/\/crossminding.com\/?s={search_term_string}"},"query-input":"required name=search_term_string"}],"inLanguage":"en-US"},{"@type":"Organization","@id":"https:\/\/crossminding.com\/#organization","name":"crossminding.com","url":"https:\/\/crossminding.com\/","logo":{"@type":"ImageObject","inLanguage":"en-US","@id":"https:\/\/crossminding.com\/#\/schema\/logo\/image\/","url":"https:\/\/crossminding.com\/wp-content\/uploads\/2023\/10\/cropped-3.png","contentUrl":"https:\/\/crossminding.com\/wp-content\/uploads\/2023\/10\/cropped-3.png","width":1365,"height":768,"caption":"crossminding.com"},"image":{"@id":"https:\/\/crossminding.com\/#\/schema\/logo\/image\/"}}]}},"_links":{"self":[{"href":"https:\/\/crossminding.com\/index.php\/wp-json\/wp\/v2\/pages\/146","targetHints":{"allow":["GET"]}}],"collection":[{"href":"https:\/\/crossminding.com\/index.php\/wp-json\/wp\/v2\/pages"}],"about":[{"href":"https:\/\/crossminding.com\/index.php\/wp-json\/wp\/v2\/types\/page"}],"author":[{"embeddable":true,"href":"https:\/\/crossminding.com\/index.php\/wp-json\/wp\/v2\/users\/1"}],"replies":[{"embeddable":true,"href":"https:\/\/crossminding.com\/index.php\/wp-json\/wp\/v2\/comments?post=146"}],"version-history":[{"count":10,"href":"https:\/\/crossminding.com\/index.php\/wp-json\/wp\/v2\/pages\/146\/revisions"}],"predecessor-version":[{"id":156,"href":"https:\/\/crossminding.com\/index.php\/wp-json\/wp\/v2\/pages\/146\/revisions\/156"}],"wp:attachment":[{"href":"https:\/\/crossminding.com\/index.php\/wp-json\/wp\/v2\/media?parent=146"}],"curies":[{"name":"wp","href":"https:\/\/api.w.org\/{rel}","templated":true}]}}